{"id":50,"date":"2025-03-26T21:55:44","date_gmt":"2025-03-26T20:55:44","guid":{"rendered":"https:\/\/cms.ulo.edu.pl\/olivier-jankowski\/?page_id=50"},"modified":"2025-03-27T04:11:40","modified_gmt":"2025-03-27T03:11:40","slug":"projekt","status":"publish","type":"page","link":"https:\/\/cms.ulo.edu.pl\/olivier-jankowski\/projekt\/","title":{"rendered":"Projekt"},"content":{"rendered":"\n<h2 class=\"wp-block-heading\"><strong>Tematyka portalu<\/strong><\/h2>\n\n\n\n<p>Na mojej stronie opowiem o ekstremalnej motoryzacji zwi\u0105zanej np. z pot\u0119\u017cnymi modyfikacjami samochod\u00f3w czy o faktach i ciekawostkach, w kt\u00f3re chwilami nawet trudno uwierzy\u0107.<\/p>\n\n\n\n<h2 class=\"wp-block-heading\"><strong>\u0179r\u00f3d\u0142a pozyskiwanych informacji<\/strong><\/h2>\n\n\n\n<p>\u0179r\u00f3d\u0142a z kt\u00f3rych korzystam to Wikipedia oraz r\u00f3\u017cne strony internetowe, kt\u00f3re znajduj\u0105 si\u0119 na ko\u0144cu ka\u017cdego wpisu. <\/p>\n\n\n\n<p>Obrazek nag\u0142\u00f3wka: <a href=\"https:\/\/motowarsztat.pl\/5-najwiekszych-wydarzen-motoryzacyjnych-w-polsce-w-2025-r-dlaczego-warto-wziac-w-nich-udzial\/\">https:\/\/motowarsztat.pl\/5-najwiekszych-wydarzen-motoryzacyjnych-w-polsce-w-2025-r-dlaczego-warto-wziac-w-nich-udzial\/<\/a><\/p>\n\n\n\n<h2 class=\"wp-block-heading\"><strong>CMS WordPress<\/strong><\/h2>\n\n\n\n<p>WordPress to popularny system zarz\u0105dzania tre\u015bci\u0105 (CMS) napisany w j\u0119zyku PHP, wykorzystuj\u0105cy bazy danych MySQL lub MariaDB. Pocz\u0105tkowo stworzony jako platforma do prowadzenia blog\u00f3w, z czasem sta\u0142 si\u0119 wszechstronnym narz\u0119dziem do tworzenia stron internetowych. Jest dost\u0119pny na licencji GNU General Public License, co oznacza, \u017ce mo\u017cna go u\u017cywa\u0107 i modyfikowa\u0107 za darmo. WordPress oferuje szerok\u0105 gam\u0119 motyw\u00f3w i wtyczek, kt\u00f3re umo\u017cliwiaj\u0105 dostosowanie funkcjonalno\u015bci witryny. Dzi\u0119ki swojej prostocie i elastyczno\u015bci sta\u0142 si\u0119 jednym z najcz\u0119\u015bciej u\u017cywanych system\u00f3w CMS na \u015bwiecie.<\/p>\n\n\n\n<h2 class=\"wp-block-heading\"><strong>Zastrzegam sobie prawa autorskie do mojej strony.<\/strong><\/h2>\n\n\n\n<p>Mam nadziej\u0119, \u017ce b\u0119dzie ona dla was ciekawa i znajdziecie tu co\u015b dla siebie. Mi\u0142ego dnia!!<\/p>\n","protected":false},"excerpt":{"rendered":"<p>Tematyka portalu Na mojej stronie opowiem o ekstremalnej motoryzacji zwi\u0105zanej np. z pot\u0119\u017cnymi modyfikacjami samochod\u00f3w czy o faktach i ciekawostkach, w kt\u00f3re chwilami nawet trudno uwierzy\u0107. \u0179r\u00f3d\u0142a pozyskiwanych informacji \u0179r\u00f3d\u0142a z kt\u00f3rych korzystam to Wikipedia oraz r\u00f3\u017cne strony internetowe, kt\u00f3re znajduj\u0105 si\u0119 na ko\u0144cu ka\u017cdego wpisu. Obrazek nag\u0142\u00f3wka: https:\/\/motowarsztat.pl\/5-najwiekszych-wydarzen-motoryzacyjnych-w-polsce-w-2025-r-dlaczego-warto-wziac-w-nich-udzial\/ CMS WordPress WordPress to popularny system&#8230;<\/p>\n","protected":false},"author":117,"featured_media":0,"parent":0,"menu_order":0,"comment_status":"closed","ping_status":"closed","template":"","meta":{"footnotes":""},"class_list":["post-50","page","type-page","status-publish","hentry"],"_links":{"self":[{"href":"https:\/\/cms.ulo.edu.pl\/olivier-jankowski\/wp-json\/wp\/v2\/pages\/50","targetHints":{"allow":["GET"]}}],"collection":[{"href":"https:\/\/cms.ulo.edu.pl\/olivier-jankowski\/wp-json\/wp\/v2\/pages"}],"about":[{"href":"https:\/\/cms.ulo.edu.pl\/olivier-jankowski\/wp-json\/wp\/v2\/types\/page"}],"author":[{"embeddable":true,"href":"https:\/\/cms.ulo.edu.pl\/olivier-jankowski\/wp-json\/wp\/v2\/users\/117"}],"replies":[{"embeddable":true,"href":"https:\/\/cms.ulo.edu.pl\/olivier-jankowski\/wp-json\/wp\/v2\/comments?post=50"}],"version-history":[{"count":5,"href":"https:\/\/cms.ulo.edu.pl\/olivier-jankowski\/wp-json\/wp\/v2\/pages\/50\/revisions"}],"predecessor-version":[{"id":136,"href":"https:\/\/cms.ulo.edu.pl\/olivier-jankowski\/wp-json\/wp\/v2\/pages\/50\/revisions\/136"}],"wp:attachment":[{"href":"https:\/\/cms.ulo.edu.pl\/olivier-jankowski\/wp-json\/wp\/v2\/media?parent=50"}],"curies":[{"name":"wp","href":"https:\/\/api.w.org\/{rel}","templated":true}]}}