{"id":33,"date":"2025-02-25T15:13:35","date_gmt":"2025-02-25T14:13:35","guid":{"rendered":"https:\/\/cms.ulo.edu.pl\/olivier-jankowski\/?page_id=33"},"modified":"2025-03-27T03:16:56","modified_gmt":"2025-03-27T02:16:56","slug":"o-mnie","status":"publish","type":"page","link":"https:\/\/cms.ulo.edu.pl\/olivier-jankowski\/o-mnie\/","title":{"rendered":"Redakcja"},"content":{"rendered":"\n<p>Hej! Jestem Olivier i mam 16 lat. Ucz\u0119szczam do Uniwersyteckiego Liceum Og\u00f3lnokszta\u0142c\u0105cego w S\u0142ubicach. Interesuje si\u0119 motoryzacj\u0105, geografi\u0105, gotowaniem, uczeniem si\u0119 j\u0119zyk\u00f3w, a tak\u017ce sportem czy grami komputerowymi. W wolnym czasie lubi\u0119 gra\u0107 w tenisa sto\u0142owego oraz pi\u0142k\u0119 no\u017cn\u0105, je\u017adzi\u0107 na rowerze, a tak\u017ce ogl\u0105da\u0107 filmy czy gra\u0107 na konsoli.<\/p>\n","protected":false},"excerpt":{"rendered":"<p>Hej! Jestem Olivier i mam 16 lat. Ucz\u0119szczam do Uniwersyteckiego Liceum Og\u00f3lnokszta\u0142c\u0105cego w S\u0142ubicach. Interesuje si\u0119 motoryzacj\u0105, geografi\u0105, gotowaniem, uczeniem si\u0119 j\u0119zyk\u00f3w, a tak\u017ce sportem czy grami komputerowymi. W wolnym czasie lubi\u0119 gra\u0107 w tenisa sto\u0142owego oraz pi\u0142k\u0119 no\u017cn\u0105, je\u017adzi\u0107 na rowerze, a tak\u017ce ogl\u0105da\u0107 filmy czy gra\u0107 na konsoli.<\/p>\n","protected":false},"author":117,"featured_media":0,"parent":0,"menu_order":0,"comment_status":"closed","ping_status":"closed","template":"","meta":{"footnotes":""},"class_list":["post-33","page","type-page","status-publish","hentry"],"_links":{"self":[{"href":"https:\/\/cms.ulo.edu.pl\/olivier-jankowski\/wp-json\/wp\/v2\/pages\/33","targetHints":{"allow":["GET"]}}],"collection":[{"href":"https:\/\/cms.ulo.edu.pl\/olivier-jankowski\/wp-json\/wp\/v2\/pages"}],"about":[{"href":"https:\/\/cms.ulo.edu.pl\/olivier-jankowski\/wp-json\/wp\/v2\/types\/page"}],"author":[{"embeddable":true,"href":"https:\/\/cms.ulo.edu.pl\/olivier-jankowski\/wp-json\/wp\/v2\/users\/117"}],"replies":[{"embeddable":true,"href":"https:\/\/cms.ulo.edu.pl\/olivier-jankowski\/wp-json\/wp\/v2\/comments?post=33"}],"version-history":[{"count":4,"href":"https:\/\/cms.ulo.edu.pl\/olivier-jankowski\/wp-json\/wp\/v2\/pages\/33\/revisions"}],"predecessor-version":[{"id":125,"href":"https:\/\/cms.ulo.edu.pl\/olivier-jankowski\/wp-json\/wp\/v2\/pages\/33\/revisions\/125"}],"wp:attachment":[{"href":"https:\/\/cms.ulo.edu.pl\/olivier-jankowski\/wp-json\/wp\/v2\/media?parent=33"}],"curies":[{"name":"wp","href":"https:\/\/api.w.org\/{rel}","templated":true}]}}