{"id":85,"date":"2021-03-03T22:44:50","date_gmt":"2021-03-03T21:44:50","guid":{"rendered":"https:\/\/cms.ulo.edu.pl\/miroslaw-szuman\/?page_id=85"},"modified":"2021-03-03T23:29:14","modified_gmt":"2021-03-03T22:29:14","slug":"o-autorze","status":"publish","type":"page","link":"https:\/\/cms.ulo.edu.pl\/miroslaw-szuman\/o-autorze\/","title":{"rendered":"O autorze"},"content":{"rendered":"\n<p><strong>John Ronald Reuel Tolkien<\/strong> urodzony 3 stycznia 1892 w Bloemfontein w Oranii,brytyjski pisarz oraz profesor filologii klasycznej \u00a0i literatury staroangielskiej na uniwersytecie Oksfordzkim.Jako autor powie\u015bci W\u0142adca Pier\u015bcieni kt\u00f3rej akcja rozgrywa si\u0119 w mitycznym \u015bwiecie \u015ar\u00f3dziemia \u00a0spopularyzowa\u0142 literatur\u0119 fantasy.<\/p>\n\n\n\n<p>Opublikowa\u0142 ponad 100 prac z dziedziny filologii i literatury dawnej, wsp\u00f3\u0142pracowa\u0142 przy powstaniu najwi\u0119kszego s\u0142ownika j\u0119zyka angielskiego, wydawanego zaraz po I wojnie, Oxford English Dictionary. Zna\u0142 (w r\u00f3\u017cnym stopniu) ponad 30 j\u0119zyk\u00f3w m.in. \u0142acin\u0119, nordycki, staroislandzki, anglosaski czy staroirlandzki.<\/p>\n","protected":false},"excerpt":{"rendered":"<p>John Ronald Reuel Tolkien urodzony 3 stycznia 1892 w Bloemfontein w Oranii,brytyjski pisarz oraz profesor filologii klasycznej \u00a0i literatury staroangielskiej na uniwersytecie Oksfordzkim.Jako autor powie\u015bci W\u0142adca Pier\u015bcieni kt\u00f3rej akcja rozgrywa si\u0119 w mitycznym \u015bwiecie \u015ar\u00f3dziemia \u00a0spopularyzowa\u0142 literatur\u0119 fantasy. Opublikowa\u0142 ponad 100 prac z dziedziny filologii i literatury dawnej, wsp\u00f3\u0142pracowa\u0142 przy powstaniu najwi\u0119kszego s\u0142ownika j\u0119zyka angielskiego,&#8230;<\/p>\n","protected":false},"author":17,"featured_media":87,"parent":0,"menu_order":0,"comment_status":"closed","ping_status":"closed","template":"","meta":{"footnotes":""},"class_list":["post-85","page","type-page","status-publish","has-post-thumbnail","hentry"],"_links":{"self":[{"href":"https:\/\/cms.ulo.edu.pl\/miroslaw-szuman\/wp-json\/wp\/v2\/pages\/85","targetHints":{"allow":["GET"]}}],"collection":[{"href":"https:\/\/cms.ulo.edu.pl\/miroslaw-szuman\/wp-json\/wp\/v2\/pages"}],"about":[{"href":"https:\/\/cms.ulo.edu.pl\/miroslaw-szuman\/wp-json\/wp\/v2\/types\/page"}],"author":[{"embeddable":true,"href":"https:\/\/cms.ulo.edu.pl\/miroslaw-szuman\/wp-json\/wp\/v2\/users\/17"}],"replies":[{"embeddable":true,"href":"https:\/\/cms.ulo.edu.pl\/miroslaw-szuman\/wp-json\/wp\/v2\/comments?post=85"}],"version-history":[{"count":2,"href":"https:\/\/cms.ulo.edu.pl\/miroslaw-szuman\/wp-json\/wp\/v2\/pages\/85\/revisions"}],"predecessor-version":[{"id":124,"href":"https:\/\/cms.ulo.edu.pl\/miroslaw-szuman\/wp-json\/wp\/v2\/pages\/85\/revisions\/124"}],"wp:featuredmedia":[{"embeddable":true,"href":"https:\/\/cms.ulo.edu.pl\/miroslaw-szuman\/wp-json\/wp\/v2\/media\/87"}],"wp:attachment":[{"href":"https:\/\/cms.ulo.edu.pl\/miroslaw-szuman\/wp-json\/wp\/v2\/media?parent=85"}],"curies":[{"name":"wp","href":"https:\/\/api.w.org\/{rel}","templated":true}]}}