{"id":29,"date":"2021-03-03T21:39:52","date_gmt":"2021-03-03T20:39:52","guid":{"rendered":"https:\/\/cms.ulo.edu.pl\/miroslaw-szuman\/?page_id=29"},"modified":"2021-03-03T23:32:08","modified_gmt":"2021-03-03T22:32:08","slug":"hobbit","status":"publish","type":"page","link":"https:\/\/cms.ulo.edu.pl\/miroslaw-szuman\/","title":{"rendered":"O Hobbicie"},"content":{"rendered":"\n<p class=\"has-text-align-left has-normal-font-size\">&nbsp;Powie\u015b\u0107 fantasy autorstwa J.R.R. Tolkiena wydana 21 wrze\u015bnia 1937 roku. Opowiada o wyprawie podj\u0119tej przez krasnolud\u00f3w tworz\u0105cych kompani\u0119 Thorina i towarzysz\u0105cego im hobbita Bilbo Bagginsa do zajmowanej przez smoka Smauga samotne g\u00f3ry &nbsp;w celu odzyskania zagarni\u0119tych skarb\u00f3w i dawnej siedziby krasnolud\u00f3w. Po drodze bohaterowie napotykaj\u0105 wiele niebezpiecze\u0144stw takich jak chocia\u017cby gigantyczne paj\u0105ki,gobliny czy le\u015bne elfy.<\/p>\n","protected":false},"excerpt":{"rendered":"<p>&nbsp;Powie\u015b\u0107 fantasy autorstwa J.R.R. Tolkiena wydana 21 wrze\u015bnia 1937 roku. Opowiada o wyprawie podj\u0119tej przez krasnolud\u00f3w tworz\u0105cych kompani\u0119 Thorina i towarzysz\u0105cego im hobbita Bilbo Bagginsa do zajmowanej przez smoka Smauga samotne g\u00f3ry &nbsp;w celu odzyskania zagarni\u0119tych skarb\u00f3w i dawnej siedziby krasnolud\u00f3w. Po drodze bohaterowie napotykaj\u0105 wiele niebezpiecze\u0144stw takich jak chocia\u017cby gigantyczne paj\u0105ki,gobliny czy le\u015bne elfy.<\/p>\n","protected":false},"author":17,"featured_media":126,"parent":0,"menu_order":1,"comment_status":"closed","ping_status":"closed","template":"","meta":{"footnotes":""},"class_list":["post-29","page","type-page","status-publish","has-post-thumbnail","hentry"],"_links":{"self":[{"href":"https:\/\/cms.ulo.edu.pl\/miroslaw-szuman\/wp-json\/wp\/v2\/pages\/29","targetHints":{"allow":["GET"]}}],"collection":[{"href":"https:\/\/cms.ulo.edu.pl\/miroslaw-szuman\/wp-json\/wp\/v2\/pages"}],"about":[{"href":"https:\/\/cms.ulo.edu.pl\/miroslaw-szuman\/wp-json\/wp\/v2\/types\/page"}],"author":[{"embeddable":true,"href":"https:\/\/cms.ulo.edu.pl\/miroslaw-szuman\/wp-json\/wp\/v2\/users\/17"}],"replies":[{"embeddable":true,"href":"https:\/\/cms.ulo.edu.pl\/miroslaw-szuman\/wp-json\/wp\/v2\/comments?post=29"}],"version-history":[{"count":5,"href":"https:\/\/cms.ulo.edu.pl\/miroslaw-szuman\/wp-json\/wp\/v2\/pages\/29\/revisions"}],"predecessor-version":[{"id":47,"href":"https:\/\/cms.ulo.edu.pl\/miroslaw-szuman\/wp-json\/wp\/v2\/pages\/29\/revisions\/47"}],"wp:featuredmedia":[{"embeddable":true,"href":"https:\/\/cms.ulo.edu.pl\/miroslaw-szuman\/wp-json\/wp\/v2\/media\/126"}],"wp:attachment":[{"href":"https:\/\/cms.ulo.edu.pl\/miroslaw-szuman\/wp-json\/wp\/v2\/media?parent=29"}],"curies":[{"name":"wp","href":"https:\/\/api.w.org\/{rel}","templated":true}]}}