{"id":88,"date":"2025-03-23T18:48:03","date_gmt":"2025-03-23T17:48:03","guid":{"rendered":"https:\/\/cms.ulo.edu.pl\/jakub-grzelak\/?page_id=88"},"modified":"2025-03-23T18:48:03","modified_gmt":"2025-03-23T17:48:03","slug":"projekt","status":"publish","type":"page","link":"https:\/\/cms.ulo.edu.pl\/jakub-grzelak\/projekt\/","title":{"rendered":"PROJEKT"},"content":{"rendered":"\n<p>Tematyk\u0105 tego portalu jest mitologia grecka. Jest to ciekawe zagadnienie kt\u00f3re ma du\u017co staro\u017cytnych \u017ar\u00f3de\u0142, przez co wiemy bardzo du\u017co o wierzeniach staro\u017cytnych Grek\u00f3w. Portal ten zawiera tylko opisy niekt\u00f3rych postaci z greckiej mitologii, wi\u0119c jakby kto\u015b chcia\u0142 si\u0119 czego\u015b dowiedzie\u0107 o nieuwzgl\u0119dnionych tutaj postaciach, zach\u0119cam do szukania na w\u0142asn\u0105 r\u0119k\u0119. Aktualnie wi\u0119kszo\u015b\u0107 informacji zawartych w tym portalu pochodzi z Wikipedii, lecz w przysz\u0142o\u015bci dodam ewentualnie inne strony (tylko wtedy, gdy pozyskam z nich informacje).<\/p>\n","protected":false},"excerpt":{"rendered":"<p>Tematyk\u0105 tego portalu jest mitologia grecka. Jest to ciekawe zagadnienie kt\u00f3re ma du\u017co staro\u017cytnych \u017ar\u00f3de\u0142, przez co wiemy bardzo du\u017co o wierzeniach staro\u017cytnych Grek\u00f3w. Portal ten zawiera tylko opisy niekt\u00f3rych postaci z greckiej mitologii, wi\u0119c jakby kto\u015b chcia\u0142 si\u0119 czego\u015b dowiedzie\u0107 o nieuwzgl\u0119dnionych tutaj postaciach, zach\u0119cam do szukania na w\u0142asn\u0105 [&hellip;]<\/p>\n","protected":false},"author":113,"featured_media":0,"parent":0,"menu_order":0,"comment_status":"closed","ping_status":"closed","template":"","meta":{"footnotes":""},"class_list":["post-88","page","type-page","status-publish","hentry"],"_links":{"self":[{"href":"https:\/\/cms.ulo.edu.pl\/jakub-grzelak\/wp-json\/wp\/v2\/pages\/88","targetHints":{"allow":["GET"]}}],"collection":[{"href":"https:\/\/cms.ulo.edu.pl\/jakub-grzelak\/wp-json\/wp\/v2\/pages"}],"about":[{"href":"https:\/\/cms.ulo.edu.pl\/jakub-grzelak\/wp-json\/wp\/v2\/types\/page"}],"author":[{"embeddable":true,"href":"https:\/\/cms.ulo.edu.pl\/jakub-grzelak\/wp-json\/wp\/v2\/users\/113"}],"replies":[{"embeddable":true,"href":"https:\/\/cms.ulo.edu.pl\/jakub-grzelak\/wp-json\/wp\/v2\/comments?post=88"}],"version-history":[{"count":1,"href":"https:\/\/cms.ulo.edu.pl\/jakub-grzelak\/wp-json\/wp\/v2\/pages\/88\/revisions"}],"predecessor-version":[{"id":89,"href":"https:\/\/cms.ulo.edu.pl\/jakub-grzelak\/wp-json\/wp\/v2\/pages\/88\/revisions\/89"}],"wp:attachment":[{"href":"https:\/\/cms.ulo.edu.pl\/jakub-grzelak\/wp-json\/wp\/v2\/media?parent=88"}],"curies":[{"name":"wp","href":"https:\/\/api.w.org\/{rel}","templated":true}]}}