{"id":22,"date":"2025-02-11T13:29:06","date_gmt":"2025-02-11T12:29:06","guid":{"rendered":"https:\/\/cms.ulo.edu.pl\/jakub-grzelak\/?page_id=22"},"modified":"2025-03-23T18:29:26","modified_gmt":"2025-03-23T17:29:26","slug":"redakcja","status":"publish","type":"page","link":"https:\/\/cms.ulo.edu.pl\/jakub-grzelak\/redakcja\/","title":{"rendered":"Redakcja"},"content":{"rendered":"\n<p>Jestem Kuba Grzelak. Jestem uczniem Uniwersyteckiego Liceum Og\u00f3lnokszta\u0142c\u0105cego w S\u0142ubicach i aktualnie chodz\u0119 do 2 klasy liceum. Interesuje si\u0119 histori\u0105, muzyk\u0105 i matematyk\u0105. Stworzy\u0142em ten portal.<\/p>\n","protected":false},"excerpt":{"rendered":"<p>Jestem Kuba Grzelak. Jestem uczniem Uniwersyteckiego Liceum Og\u00f3lnokszta\u0142c\u0105cego w S\u0142ubicach i aktualnie chodz\u0119 do 2 klasy liceum. Interesuje si\u0119 histori\u0105, muzyk\u0105 i matematyk\u0105. Stworzy\u0142em ten portal.<\/p>\n","protected":false},"author":113,"featured_media":0,"parent":0,"menu_order":0,"comment_status":"closed","ping_status":"closed","template":"","meta":{"footnotes":""},"class_list":["post-22","page","type-page","status-publish","hentry"],"_links":{"self":[{"href":"https:\/\/cms.ulo.edu.pl\/jakub-grzelak\/wp-json\/wp\/v2\/pages\/22","targetHints":{"allow":["GET"]}}],"collection":[{"href":"https:\/\/cms.ulo.edu.pl\/jakub-grzelak\/wp-json\/wp\/v2\/pages"}],"about":[{"href":"https:\/\/cms.ulo.edu.pl\/jakub-grzelak\/wp-json\/wp\/v2\/types\/page"}],"author":[{"embeddable":true,"href":"https:\/\/cms.ulo.edu.pl\/jakub-grzelak\/wp-json\/wp\/v2\/users\/113"}],"replies":[{"embeddable":true,"href":"https:\/\/cms.ulo.edu.pl\/jakub-grzelak\/wp-json\/wp\/v2\/comments?post=22"}],"version-history":[{"count":3,"href":"https:\/\/cms.ulo.edu.pl\/jakub-grzelak\/wp-json\/wp\/v2\/pages\/22\/revisions"}],"predecessor-version":[{"id":87,"href":"https:\/\/cms.ulo.edu.pl\/jakub-grzelak\/wp-json\/wp\/v2\/pages\/22\/revisions\/87"}],"wp:attachment":[{"href":"https:\/\/cms.ulo.edu.pl\/jakub-grzelak\/wp-json\/wp\/v2\/media?parent=22"}],"curies":[{"name":"wp","href":"https:\/\/api.w.org\/{rel}","templated":true}]}}