{"id":73,"date":"2021-03-03T15:55:57","date_gmt":"2021-03-03T14:55:57","guid":{"rendered":"https:\/\/cms.ulo.edu.pl\/hanna-puchalska\/?page_id=73"},"modified":"2021-03-04T18:57:03","modified_gmt":"2021-03-04T17:57:03","slug":"o-projekcie","status":"publish","type":"page","link":"https:\/\/cms.ulo.edu.pl\/hanna-puchalska\/o-projekcie\/","title":{"rendered":"O projekcie"},"content":{"rendered":"\n<h2 class=\"has-text-align-center has-red-color has-off-white-background-color has-text-color has-background wp-block-heading\" style=\"font-size:25px\">Strona powsta\u0142a w ramach zadania \u0142\u0105cz\u0105cego w sobie elementy informatyki oraz j\u0119zyka polskiego.<\/h2>\n\n\n\n<hr class=\"wp-block-separator has-text-color has-background has-medium-orange-background-color has-medium-orange-color is-style-wide\" \/>\n\n\n\n<!--more-->\n\n\n\n<div style=\"height:24px\" aria-hidden=\"true\" class=\"wp-block-spacer\"><\/div>\n\n\n\n<h3 class=\"has-text-align-center has-text-color wp-block-heading\" style=\"color:#0071a1\">Cz\u0119\u015b\u0107 informatyczna<\/h3>\n\n\n\n<p class=\"has-dark-brown-color has-off-white-background-color has-text-color has-background\" style=\"font-size:19px\"><strong>Czym jest CMS?<\/strong> <br><br>CMS (Content Management System) &#8211; to aplikacja, kt\u00f3ra umo\u017cliwia utworzenie oraz zarz\u0105dzanie stron\u0105 internetow\u0105 w wygodny i prosty spos\u00f3b.<\/p>\n\n\n\n<hr class=\"wp-block-separator has-text-color has-background has-medium-orange-background-color has-medium-orange-color is-style-wide\" \/>\n\n\n\n<div style=\"height:24px\" aria-hidden=\"true\" class=\"wp-block-spacer\"><\/div>\n\n\n\n<h3 class=\"has-text-align-center has-text-color wp-block-heading\" style=\"color:#0071a1\">J\u0119zyk polski<\/h3>\n\n\n\n<p class=\"has-off-white-background-color has-background\" style=\"font-size:19px\"><strong>Co zawiera strona? <\/strong><br><br>W tre\u015bci, kt\u00f3r\u0105 opublikowa\u0142am na stronie, mo\u017cna znale\u015b\u0107 informacje o s\u0142ynnym greckim poecie Homerze oraz jego dzie\u0142ach. <\/p>\n\n\n\n<hr class=\"wp-block-separator has-text-color has-background has-medium-orange-background-color has-medium-orange-color is-style-wide\" \/>\n\n\n\n<p><\/p>\n","protected":false},"excerpt":{"rendered":"<p>Strona powsta\u0142a w ramach zadania \u0142\u0105cz\u0105cego w sobie elementy informatyki oraz j\u0119zyka polskiego.<\/p>\n","protected":false},"author":7,"featured_media":0,"parent":0,"menu_order":0,"comment_status":"closed","ping_status":"closed","template":"","meta":{"footnotes":""},"class_list":["post-73","page","type-page","status-publish","hentry"],"_links":{"self":[{"href":"https:\/\/cms.ulo.edu.pl\/hanna-puchalska\/wp-json\/wp\/v2\/pages\/73","targetHints":{"allow":["GET"]}}],"collection":[{"href":"https:\/\/cms.ulo.edu.pl\/hanna-puchalska\/wp-json\/wp\/v2\/pages"}],"about":[{"href":"https:\/\/cms.ulo.edu.pl\/hanna-puchalska\/wp-json\/wp\/v2\/types\/page"}],"author":[{"embeddable":true,"href":"https:\/\/cms.ulo.edu.pl\/hanna-puchalska\/wp-json\/wp\/v2\/users\/7"}],"replies":[{"embeddable":true,"href":"https:\/\/cms.ulo.edu.pl\/hanna-puchalska\/wp-json\/wp\/v2\/comments?post=73"}],"version-history":[{"count":3,"href":"https:\/\/cms.ulo.edu.pl\/hanna-puchalska\/wp-json\/wp\/v2\/pages\/73\/revisions"}],"predecessor-version":[{"id":189,"href":"https:\/\/cms.ulo.edu.pl\/hanna-puchalska\/wp-json\/wp\/v2\/pages\/73\/revisions\/189"}],"wp:attachment":[{"href":"https:\/\/cms.ulo.edu.pl\/hanna-puchalska\/wp-json\/wp\/v2\/media?parent=73"}],"curies":[{"name":"wp","href":"https:\/\/api.w.org\/{rel}","templated":true}]}}