{"id":212,"date":"2021-03-04T21:58:53","date_gmt":"2021-03-04T20:58:53","guid":{"rendered":"https:\/\/cms.ulo.edu.pl\/hanna-puchalska\/?page_id=212"},"modified":"2021-03-04T21:58:53","modified_gmt":"2021-03-04T20:58:53","slug":"212-2","status":"publish","type":"page","link":"https:\/\/cms.ulo.edu.pl\/hanna-puchalska\/","title":{"rendered":""},"content":{"rendered":"\n<h2 class=\"has-text-align-center has-red-color has-off-white-background-color has-text-color has-background wp-block-heading\">Na tej stronie zamieszczone s\u0105 informacje o Homerze oraz jego tw\u00f3rczo\u015bci.<\/h2>\n\n\n\n<div class=\"wp-block-image is-style-rounded\"><figure class=\"aligncenter size-large is-resized\"><img loading=\"lazy\" decoding=\"async\" src=\"https:\/\/cms.ulo.edu.pl\/hanna-puchalska\/wp-content\/uploads\/sites\/8\/2021\/03\/statues_in_paris_m16_DSC07872_lrg-781x1024.jpg\" alt=\"\" class=\"wp-image-213\" width=\"294\" height=\"386\" srcset=\"https:\/\/cms.ulo.edu.pl\/hanna-puchalska\/wp-content\/uploads\/sites\/8\/2021\/03\/statues_in_paris_m16_DSC07872_lrg-781x1024.jpg 781w, https:\/\/cms.ulo.edu.pl\/hanna-puchalska\/wp-content\/uploads\/sites\/8\/2021\/03\/statues_in_paris_m16_DSC07872_lrg-229x300.jpg 229w, https:\/\/cms.ulo.edu.pl\/hanna-puchalska\/wp-content\/uploads\/sites\/8\/2021\/03\/statues_in_paris_m16_DSC07872_lrg-768x1007.jpg 768w, https:\/\/cms.ulo.edu.pl\/hanna-puchalska\/wp-content\/uploads\/sites\/8\/2021\/03\/statues_in_paris_m16_DSC07872_lrg-1171x1536.jpg 1171w, https:\/\/cms.ulo.edu.pl\/hanna-puchalska\/wp-content\/uploads\/sites\/8\/2021\/03\/statues_in_paris_m16_DSC07872_lrg-1562x2048.jpg 1562w, https:\/\/cms.ulo.edu.pl\/hanna-puchalska\/wp-content\/uploads\/sites\/8\/2021\/03\/statues_in_paris_m16_DSC07872_lrg-scaled.jpg 1952w\" sizes=\"auto, (max-width: 294px) 100vw, 294px\" \/><\/figure><\/div>\n","protected":false},"excerpt":{"rendered":"<p>Na tej stronie zamieszczone s\u0105 informacje o Homerze oraz jego tw\u00f3rczo\u015bci.<\/p>\n","protected":false},"author":7,"featured_media":0,"parent":0,"menu_order":0,"comment_status":"closed","ping_status":"closed","template":"","meta":{"footnotes":""},"class_list":["post-212","page","type-page","status-publish","hentry"],"_links":{"self":[{"href":"https:\/\/cms.ulo.edu.pl\/hanna-puchalska\/wp-json\/wp\/v2\/pages\/212","targetHints":{"allow":["GET"]}}],"collection":[{"href":"https:\/\/cms.ulo.edu.pl\/hanna-puchalska\/wp-json\/wp\/v2\/pages"}],"about":[{"href":"https:\/\/cms.ulo.edu.pl\/hanna-puchalska\/wp-json\/wp\/v2\/types\/page"}],"author":[{"embeddable":true,"href":"https:\/\/cms.ulo.edu.pl\/hanna-puchalska\/wp-json\/wp\/v2\/users\/7"}],"replies":[{"embeddable":true,"href":"https:\/\/cms.ulo.edu.pl\/hanna-puchalska\/wp-json\/wp\/v2\/comments?post=212"}],"version-history":[{"count":1,"href":"https:\/\/cms.ulo.edu.pl\/hanna-puchalska\/wp-json\/wp\/v2\/pages\/212\/revisions"}],"predecessor-version":[{"id":214,"href":"https:\/\/cms.ulo.edu.pl\/hanna-puchalska\/wp-json\/wp\/v2\/pages\/212\/revisions\/214"}],"wp:attachment":[{"href":"https:\/\/cms.ulo.edu.pl\/hanna-puchalska\/wp-json\/wp\/v2\/media?parent=212"}],"curies":[{"name":"wp","href":"https:\/\/api.w.org\/{rel}","templated":true}]}}