{"id":43,"date":"2021-03-15T09:41:00","date_gmt":"2021-03-15T08:41:00","guid":{"rendered":"https:\/\/cms.ulo.edu.pl\/amelia-gras\/?page_id=43"},"modified":"2021-03-15T09:41:00","modified_gmt":"2021-03-15T08:41:00","slug":"dziela-mickiewicza","status":"publish","type":"page","link":"https:\/\/cms.ulo.edu.pl\/amelia-gras\/dziela-mickiewicza\/","title":{"rendered":"Dzie\u0142a Mickiewicza"},"content":{"rendered":"\n<ul class=\"wp-block-list\"><li><em>Poezje<\/em> t. 1\u2013 wydane w Wilnie w roku 1822; zawiera\u0142y <em>Ballady i romanse<\/em>, a tak\u017ce przedmow\u0119\u00a0<em>O poezji romantycznej<\/em>. Ten tom poezji mia\u0142 prze\u0142omowe znaczenie w literaturze polskiej, zapocz\u0105tkowuj\u0105c nurt romantyczny oparty na ludowo\u015bci, poezji ludowej, obyczajach i wyobra\u017ceniach ludu<\/li><li><em>Poezje<\/em> t. 2\u2013 wydane w roku 1823, zawiera\u0142y\u00a0<em>Gra\u017cyn\u0119<\/em>\u00a0oraz II i IV cz\u0119\u015b\u0107\u00a0<em>Dziad\u00f3w<\/em>;<\/li><li><em>Sonety Krymskie<\/em>\u00a0\u2013 wydane w roku 1826 w Moskwie;<\/li><li>W Dre\u017anie powsta\u0142a\u00a0III cz\u0119\u015b\u0107 <em>Dziad\u00f3w\u2013<\/em> najwybitniejszy polski dramat romantyczny, napisany wiosn\u0105 1832 roku;<\/li><li><em>Konrad Wallenrod\u00a0<\/em>\u2013 wydane w roku 1828 w Petersburgu;<\/li><li><em>Pan Tadeusz, czyli ostatni Zajazd na Litwie<\/em> \u2013 epopeja napisana w Pary\u017cu w latach 1832\u20131834, wydana w 1834 roku. W\u00a0<em>Panu Tadeuszu<\/em>\u00a0Mickiewicz przedstawi\u0142 romantyczn\u0105 i pe\u0142n\u0105 nostalgii wizj\u0119 Polski szlacheckiej;<\/li><li><em>Ksi\u0119gi narodu polskiego i pielgrzymstwa polskiego<\/em>\u2013 broszura polityczna z 1832 roku;<\/li><li>Prelekcje paryskie \u2013 cykl wyk\u0142ad\u00f3w Mickiewicza na temat literatury s\u0142owia\u0144skiej wyg\u0142oszony w Coll\u00e8ge de France w latach 1840\u20131844; pierwsze wydania by\u0142y redagowane przez Mickiewicza;<\/li><li><em>Liryki loza\u0144skie <\/em>wydane dopiero po\u015bmiertnie;<\/li><li>Pisana przez ca\u0142e \u017cycie\u00a0I cz\u0119\u015b\u0107 <em>Dziad\u00f3w <\/em>, ukazuje si\u0119 prawdopodobnie na pocz\u0105tku 1821 roku;<\/li><li><em>Historia przysz\u0142o\u015bci<\/em> \u2013 traktat prekursorski wobec osi\u0105gni\u0119\u0107 europejskiej fantastyki naukowej. Mickiewicz zniszczy\u0142 r\u0119kopisy dzie\u0142a, zachowa\u0142o si\u0119 jedynie kilka kart oraz relacje przyjaci\u00f3\u0142 autora;<\/li><li><em>Konfederaci barscy<\/em>\u00a0(fr.<em>Les conf\u00e9d\u00e9r\u00e9s de Bar<\/em>) \u2013 dramat z 1836 roku;<\/li><li>Jakub Jasi\u0144ski albo dwie Polski\u00a0(fr.\u00a0<em>Jacques Jasi\u0144ski ou les deux Polognes<\/em>) \u2013 dramat z 1836;<\/li><li><em>Oda do m\u0142odo\u015bci<\/em><\/li><\/ul>\n\n\n\n<p><\/p>\n","protected":false},"excerpt":{"rendered":"<p>Poezje t. 1\u2013 wydane w Wilnie w roku 1822; zawiera\u0142y Ballady i romanse, a tak\u017ce przedmow\u0119\u00a0O poezji romantycznej. Ten tom poezji mia\u0142 prze\u0142omowe znaczenie w literaturze polskiej, zapocz\u0105tkowuj\u0105c nurt romantyczny oparty na ludowo\u015bci, poezji ludowej, obyczajach i wyobra\u017ceniach ludu Poezje t. 2\u2013 wydane w roku 1823, zawiera\u0142y\u00a0Gra\u017cyn\u0119\u00a0oraz II i IV cz\u0119\u015b\u0107\u00a0Dziad\u00f3w; Sonety Krymskie\u00a0\u2013 wydane w&#8230;<\/p>\n","protected":false},"author":5,"featured_media":0,"parent":0,"menu_order":0,"comment_status":"closed","ping_status":"closed","template":"","meta":{"footnotes":""},"class_list":["post-43","page","type-page","status-publish","hentry"],"_links":{"self":[{"href":"https:\/\/cms.ulo.edu.pl\/amelia-gras\/wp-json\/wp\/v2\/pages\/43","targetHints":{"allow":["GET"]}}],"collection":[{"href":"https:\/\/cms.ulo.edu.pl\/amelia-gras\/wp-json\/wp\/v2\/pages"}],"about":[{"href":"https:\/\/cms.ulo.edu.pl\/amelia-gras\/wp-json\/wp\/v2\/types\/page"}],"author":[{"embeddable":true,"href":"https:\/\/cms.ulo.edu.pl\/amelia-gras\/wp-json\/wp\/v2\/users\/5"}],"replies":[{"embeddable":true,"href":"https:\/\/cms.ulo.edu.pl\/amelia-gras\/wp-json\/wp\/v2\/comments?post=43"}],"version-history":[{"count":1,"href":"https:\/\/cms.ulo.edu.pl\/amelia-gras\/wp-json\/wp\/v2\/pages\/43\/revisions"}],"predecessor-version":[{"id":44,"href":"https:\/\/cms.ulo.edu.pl\/amelia-gras\/wp-json\/wp\/v2\/pages\/43\/revisions\/44"}],"wp:attachment":[{"href":"https:\/\/cms.ulo.edu.pl\/amelia-gras\/wp-json\/wp\/v2\/media?parent=43"}],"curies":[{"name":"wp","href":"https:\/\/api.w.org\/{rel}","templated":true}]}}