{"id":39,"date":"2021-03-15T09:27:47","date_gmt":"2021-03-15T08:27:47","guid":{"rendered":"https:\/\/cms.ulo.edu.pl\/amelia-gras\/?page_id=39"},"modified":"2021-03-15T09:27:47","modified_gmt":"2021-03-15T08:27:47","slug":"zyciorys","status":"publish","type":"page","link":"https:\/\/cms.ulo.edu.pl\/amelia-gras\/zyciorys\/","title":{"rendered":"\u017byciorys"},"content":{"rendered":"\n<p class=\"has-cyan-bluish-gray-background-color has-background has-medium-font-size\"><strong><em>Dzieci\u0144stwo i m\u0142odo\u015b\u0107<\/em><\/strong><\/p>\n\n\n\n<p>Adam Mickiewicz urodzi\u0142 si\u0119 24 grudnia 1798. Zosta\u0142 ochrzczony 12 lutego 1799 w ko\u015bciele Przemienienia Pa\u0144skiego w\u00a0Nowogr\u00f3dku. By\u0142 synem Miko\u0142aja Mickiewicza herbu\u00a0Poraj,\u00a0adwokata\u00a0s\u0105dowego w Nowogr\u00f3dku i\u00a0komornika mi\u0144skiego, oraz Barbary z Majewskich, c\u00f3rki ekonoma z pobliskiego Czombrowa. Jego bra\u0107mi byli\u00a0Aleksander\u00a0i\u00a0Franciszek\u00a0Mickiewiczowie.<\/p>\n\n\n\n<p>W latach 1807\u20131815 ucz\u0119szcza\u0142 do\u00a0dominika\u0144skiej szko\u0142y powiatowej w Nowogr\u00f3dku. W 1812 mia\u0142y miejsce dwa wa\u017cne wydarzenia w jego \u017cyciu: 16 maja umar\u0142 jego ojciec, a nieco p\u00f3\u017aniej przez Nowogr\u00f3dek przesz\u0142y wojska\u00a0Napoleona, maszeruj\u0105ce na Rosj\u0119. Miasto Mickiewicza opanowa\u0142a atmosfera rado\u015bci i nadziei na koniec niewoli, jednak kilka miesi\u0119cy p\u00f3\u017aniej ta sama\u00a0Wielka Armia napoleo\u0144ska wr\u00f3ci\u0142a rozbita i pokonana przez Rosjan.<\/p>\n\n\n\n<!--more-->\n\n\n\n<p>W 1815 Mickiewicz wyjecha\u0142 do\u00a0Wilna w celu podj\u0119cia studi\u00f3w. Studiowa\u0142 nauki humanistyczne na\u00a0Cesarskim Uniwersytecie Wile\u0144skim\u2013 czo\u0142owej uczelni dla ziem\u00a0Rzeczypospolitej prej\u0119tych\u00a0przez\u00a0Imperium Rosujskie. Studia podj\u0105\u0142 na Wydziale Nauk Fizycznych i Matematycznych, ucz\u0119szczaj\u0105c jednocze\u015bnie na wyk\u0142ady Wydzia\u0142u Nauk Moralnych i Politycznych oraz Literatury i Sztuk Wyzwolonych. Trudna sytuacja materialna rodziny po \u015bmierci ojca sk\u0142oni\u0142a go do podj\u0119cia nauki w uniwersyteckim Seminarium Nauczycielskim, co gwarantowa\u0142o p\u00f3\u017aniej zatrudnienie w szko\u0142ach carskich. Studia uko\u0144czy\u0142 w 1819 ze stopniem magistra.eszcze w czasie studi\u00f3w, w 1817, wraz z\u00a0Tomaszem Zanem\u00a0i grup\u0105 przyjaci\u00f3\u0142 za\u0142o\u017cy\u0142 Towarzystwo Filomatyczne, kt\u00f3re z czasem przekszta\u0142ci\u0142o si\u0119 w spiskow\u0105 organizacj\u0119 narodowo-patriotyczn\u0105. Towarzystwo Filomatyczne, za\u0142o\u017cone w 1822\u00a0Zgromadzenie Filaret\u00f3w\u00a0oraz\u00a0Promieni\u015bci s\u0142u\u017cy\u0142y organicznej pracy edukacyjno-patriotycznej polskiej m\u0142odzie\u017cy wile\u0144skiej tamtego okresu. Organizacje te w 1822 roku liczy\u0142y ju\u017c ponad 200 cz\u0142onk\u00f3w. Ich aktywno\u015b\u0107, cele i coraz wyra\u017aniejsze proniepodleg\u0142o\u015bciowe aspiracje nie usz\u0142y czujnej uwadze carskich s\u0142u\u017cb policyjnych. Okres ko\u0144ca lat 20. XIX wieku by\u0142 te\u017c \u015bwiadkiem niespe\u0142nionej wielkiej m\u0142odzie\u0144czej mi\u0142o\u015bci Mickiewicza do\u00a0Maryli Wereszczak\u00f3wny z Tuhanowicz\u00a0w powiecie nowogr\u00f3dzkim. M\u0142oda Maryla pochodzi\u0142a z zamo\u017cnej i wp\u0142ywowej szlachty litewskiej, za\u015b m\u0142ody Adam ze szlachty za\u015bciankowej. Mimo ich wzajemnego uczucia i przyjacielskich stosunk\u00f3w Mickiewicza z rodzin\u0105 Maryli, rodzice wymogli na niej wype\u0142nienie wcze\u015bniej zawartych zar\u0119czyn z hr. Puttkamerem. \u015alady tej niespe\u0142nionej mi\u0142o\u015bci znale\u017a\u0107 mo\u017cna w znanych wierszach Mickiewicza:\u00a0<em>Do M&#8230;<\/em>\u00a0i\u00a0<em>Do przyjaci\u00f3\u0142<\/em>.<\/p>\n\n\n\n<p><\/p>\n\n\n\n<p class=\"has-cyan-bluish-gray-background-color has-background has-medium-font-size\"><strong><em>Wi\u0119zienie, zes\u0142anie i emigracja<\/em><\/strong><\/p>\n\n\n\n<p>W 1819 Mickiewicz rozpocz\u0105\u0142 prac\u0119 jako nauczyciel w gimnazjum w\u00a0Kownie, gdzie mieszka\u0142 do 1823, pocz\u0105tkowo w domu dyrektora szko\u0142y Stanis\u0142awa Kostki Dobrowolskiego, w folwarku Kartofliszki, a nast\u0119pnie na kwaterze w budynku szko\u0142y; w gimnazjum uczy\u0142 literatury, historii i prawa. Napisa\u0142 w\u00f3wczas rozpraw\u0119, za kt\u00f3r\u0105 w 1822 otrzyma\u0142 tytu\u0142 magistra filozofii. Cz\u0119sto chodzi\u0142 na spacery do doliny na\u00a0Zielonej G\u00f3rze, kt\u00f3r\u0105 p\u00f3\u017aniej nazwano\u00a0Dolin\u0105 Mickiewicza. W\u00f3wczas te\u017c zosta\u0142 zainicjowany w stopniu czeladnika do\u00a0masonerii. W 1823 zosta\u0142 aresztowany i uwi\u0119ziony w\u00a0klasztorze bazylian\u00f3w w Wilnie\u00a0(od jesieni 1823 do marca 1824), a nast\u0119pnie skazany za udzia\u0142 w tajnych m\u0142odzie\u017cowych organizacjach na zes\u0142anie w g\u0142\u0105b\u00a0Rosji na posad\u0119 nauczyciela z prawem wyboru miejsca pobytu. W latach 1824\u20131827 przebywa\u0142 w\u00a0Petesburgu,\u00a0Odessie,\u00a0Moskwie oraz na\u00a0Krymie. W Moskwie zosta\u0142 przypisany jako urz\u0119dnik genera\u0142-gubernatora Dmitrija Golicyna. Utrzymywa\u0142 kontakty z poetami rosyjskimi:\u00a0Aleksandrem Puszkinem, Aleksiejem CHomakowiem oraz\u00a0Wasilijem \u017bukowskim. W Rosji zetkn\u0105\u0142 si\u0119 ze \u015brodowiskiem przysz\u0142ych\u00a0dekabryst\u00f3w, pozna\u0142\u00a0Bestu\u017cewa,\u00a0Rylejewa. Zmuszony przez rosyjsk\u0105\u00a0cenzur\u0119\u00a0do poczynienia pewnych skre\u015ble\u0144 w\u00a0<em>Konradzie Wallenrodzie<\/em>, w przedmowie do drugiego wydania nazwa\u0142\u00a0cara Miko\u0142aja I\u00a0<em>Ojcem tylu lud\u00f3w<\/em>.<\/p>\n\n\n\n<p class=\"has-cyan-bluish-gray-background-color has-background has-medium-font-size\"><strong><em>Pobyt w Pary\u017cu<\/em><\/strong><\/p>\n\n\n\n<p>Z Drezna uda\u0142 si\u0119 do\u00a0Pary\u017ca, gdzie osiad\u0142 na sta\u0142e i sp\u0119dzi\u0142 ponad 20 lat. By\u0142 cz\u0142onkiem\u00a0Towarzystwa Litewskiego i Ziem Ruskich\u00a0w Pary\u017cu w 1832. W 1834 o\u017ceni\u0142 si\u0119 z\u00a0Celin\u0105 Szymanowsk\u0105, z kt\u00f3r\u0105 mia\u0142 sze\u015bcioro dzieci \u2013 c\u00f3rki Mari\u0119i Helen\u0119 oraz czterech syn\u00f3w:\u00a0W\u0142adys\u0142awa1838\u20131926),\u00a0J\u00f3zefa (1850\u20131938, urz\u0119dnika Assistance Publique w Pary\u017cu), Aleksandra i Jana. Prawnukiem Adama Mickiewicza by\u0142 dziennikarz francuski,\u00a0Jerzy G\u00f3recki.<\/p>\n\n\n\n<p>W Pary\u017cu nawi\u0105za\u0142 wsp\u00f3\u0142prac\u0119 z dzia\u0142aczami emigracyjnymi, pisa\u0142 artyku\u0142y i pisma publicystyczne. W latach 1839\u20131840 by\u0142 profesorem literatury \u0142aci\u0144skiej w szwajcarskiej\u00a0Lozannie, a w 1840 obj\u0105\u0142 katedr\u0119 j\u0119zyk\u00f3w s\u0142owia\u0144skich w\u00a0College de France gdzie wyg\u0142osi\u0142 tzw.\u00a0prelekcje paryskie. Na wyk\u0142ady Mickiewicza ucz\u0119szczali tw\u00f3rcy, dzia\u0142acze i my\u015bliciele, w tym\u00a0George Sand. W latach 1841\u20131844 by\u0142 prezesem Wydzia\u0142u Historycznego\u00a0Towarzystwa Literackiego w Pary\u017cu. Ze wzgl\u0119du na pozycj\u0119 spo\u0142eczn\u0105 i aktywno\u015b\u0107 w polskich \u015brodowiskach patriotycznych Adama Mickiewicza uznaje si\u0119 za czo\u0142owego reprezentanta tzw.\u00a0Wielkiej Emigracji<\/p>\n\n\n\n<p>W Pary\u017cu zaprzyja\u017ani\u0142 si\u0119 z fotografem\u00a0Micha\u0142em Szweycerem. W 1841 zwi\u0105za\u0142 si\u0119 z reprezentantem nurtu polskiego\u00a0mesjanizmu-\u00a0Andzrejem Towia\u0144skim\u00a0i zosta\u0142 jego g\u0142\u00f3wnym propagatorem oraz przyw\u00f3dc\u0105 za\u0142o\u017conego przez Towia\u0144skiego\u00a0<em>Ko\u0142a Sprawy Bo\u017cej<\/em>. W 1844 w\u0142adze francuskie zawiesi\u0142y Mickiewicza w czynno\u015bciach profesora z powodu politycznej wymowy wyk\u0142ad\u00f3w (wychwalanie Napoleona) oraz propagowania towianizmu. W swoich wyk\u0142adach g\u0142osi\u0142 pogl\u0105dy jawnie antykatolickie (<em>Wyk\u0142ad IV<\/em>) \u2013 krytykowa\u0142 Ko\u015bci\u00f3\u0142 Katolicki za sprzeniewierzenie si\u0119 zasadom\u00a0chrze\u015bcija\u0144stwa. W 1847 Mickiewicz zerwa\u0142 stosunki z Towia\u0144skim.<\/p>\n\n\n\n<p class=\"has-cyan-bluish-gray-background-color has-background has-medium-font-size\"><strong><em>Ostatnie lata \u017cycia<\/em><\/strong><\/p>\n\n\n\n<p>We wrze\u015bniu 1855 \u2013 podczas\u00a0wojny krymskiej, po \u015bmierci \u017cony i zostawieniu nieletnich dzieci \u2013 wyjecha\u0142 do\u00a0Stambu\u0142u, aby tworzy\u0107 oddzia\u0142y polskie (<em>Legion Polski<\/em>), a tak\u017ce z\u0142o\u017cony z \u017byd\u00f3w, pod nazw\u0105 Legion \u017bydowski, do walki z carsk\u0105\u00a0Rosj\u0105. Zamieszkiwa\u0142 w domu wdowy po kapitanie wojsk tureckich, gdzie zmar\u0142. Nag\u0142y zgon nast\u0105pi\u0142 podczas epidemii cholery\u00a0(prawdopodobnie na t\u0119 chorob\u0119, cho\u0107 pojawi\u0142y si\u0119 te\u017c sugestie, \u017ce m\u00f3g\u0142 zosta\u0107 otruty\u00a0arszenikiem lub dozna\u0107\u00a0udaru m\u00f3zgu). Nie tylko niejasna przyczyna \u015bmierci wywo\u0142ywa\u0142a kontrowersje. Powodem \u201epot\u0119pie\u0144czych swar\u00f3w\u201d nad trumn\u0105 poety sta\u0142o si\u0119 jego miejsce spoczynku \u2013 tymczasowe, poniewa\u017c zak\u0142adano, \u017ce ostatecznie jego cia\u0142o spocznie w ojczy\u017anie. Proponowano stambulski ko\u015bci\u00f3\u0142 \u015bw. Benedykta lub gr\u00f3b w tworzonej w\u0142a\u015bnie osadzie polskiej, nazwanej p\u00f3\u017aniej\u00a0Adampolem, ksi\u0105\u017c\u0119 Czartoryski przes\u0105dzi\u0142 jednak o poch\u00f3wku we Francji. Zabalsamowane zw\u0142oki umieszczono w trzech trumnach: cynkowej i dw\u00f3ch drewnianych. Zanim jednak wyprawiono je w drog\u0119 do Francji, min\u0105\u0142 ponad miesi\u0105c. Dnia 30 grudnia 1855 cia\u0142o Mickiewicza wyruszy\u0142o z Konstantynopola na pok\u0142adzie francuskiego parowca Eufrat. Do Marsylii przyby\u0142o 7 stycznia 1856\u00a0Nast\u0119pnie zosta\u0142o przewiezione do Pary\u017ca i pochowane na\u00a0cmentarzu Les Champeaux w Montmorency ,a w 1890 przeniesione na\u00a0Wawel, co da\u0142o sposobno\u015b\u0107 do manifestacji patriotycznej.<\/p>\n","protected":false},"excerpt":{"rendered":"<p>Dzieci\u0144stwo i m\u0142odo\u015b\u0107 Adam Mickiewicz urodzi\u0142 si\u0119 24 grudnia 1798. Zosta\u0142 ochrzczony 12 lutego 1799 w ko\u015bciele Przemienienia Pa\u0144skiego w\u00a0Nowogr\u00f3dku. By\u0142 synem Miko\u0142aja Mickiewicza herbu\u00a0Poraj,\u00a0adwokata\u00a0s\u0105dowego w Nowogr\u00f3dku i\u00a0komornika mi\u0144skiego, oraz Barbary z Majewskich, c\u00f3rki ekonoma z pobliskiego Czombrowa. Jego bra\u0107mi byli\u00a0Aleksander\u00a0i\u00a0Franciszek\u00a0Mickiewiczowie. W latach 1807\u20131815 ucz\u0119szcza\u0142 do\u00a0dominika\u0144skiej szko\u0142y powiatowej w Nowogr\u00f3dku. W 1812 mia\u0142y miejsce dwa&#8230;<\/p>\n","protected":false},"author":5,"featured_media":0,"parent":0,"menu_order":0,"comment_status":"closed","ping_status":"closed","template":"","meta":{"footnotes":""},"class_list":["post-39","page","type-page","status-publish","hentry"],"_links":{"self":[{"href":"https:\/\/cms.ulo.edu.pl\/amelia-gras\/wp-json\/wp\/v2\/pages\/39","targetHints":{"allow":["GET"]}}],"collection":[{"href":"https:\/\/cms.ulo.edu.pl\/amelia-gras\/wp-json\/wp\/v2\/pages"}],"about":[{"href":"https:\/\/cms.ulo.edu.pl\/amelia-gras\/wp-json\/wp\/v2\/types\/page"}],"author":[{"embeddable":true,"href":"https:\/\/cms.ulo.edu.pl\/amelia-gras\/wp-json\/wp\/v2\/users\/5"}],"replies":[{"embeddable":true,"href":"https:\/\/cms.ulo.edu.pl\/amelia-gras\/wp-json\/wp\/v2\/comments?post=39"}],"version-history":[{"count":1,"href":"https:\/\/cms.ulo.edu.pl\/amelia-gras\/wp-json\/wp\/v2\/pages\/39\/revisions"}],"predecessor-version":[{"id":40,"href":"https:\/\/cms.ulo.edu.pl\/amelia-gras\/wp-json\/wp\/v2\/pages\/39\/revisions\/40"}],"wp:attachment":[{"href":"https:\/\/cms.ulo.edu.pl\/amelia-gras\/wp-json\/wp\/v2\/media?parent=39"}],"curies":[{"name":"wp","href":"https:\/\/api.w.org\/{rel}","templated":true}]}}