{"id":37,"date":"2021-03-15T08:42:37","date_gmt":"2021-03-15T07:42:37","guid":{"rendered":"https:\/\/cms.ulo.edu.pl\/amelia-gras\/?page_id=37"},"modified":"2021-03-15T08:42:37","modified_gmt":"2021-03-15T07:42:37","slug":"o-projekcie","status":"publish","type":"page","link":"https:\/\/cms.ulo.edu.pl\/amelia-gras\/o-projekcie\/","title":{"rendered":"O projekcie"},"content":{"rendered":"\n<p class=\"has-black-color has-cyan-bluish-gray-background-color has-text-color has-background has-medium-font-size\"><strong><em>Czym jest CMS?<\/em><\/strong><\/p>\n\n\n\n<p class=\"has-black-color has-cyan-bluish-gray-background-color has-text-color has-background\">Jest to system zarz\u0105dania tre\u015bci\u0105, kt\u00f3ry jest przeznaczony do tworzenia stron a tak\u017ce blog\u00f3w.<\/p>\n\n\n\n<p class=\"has-cyan-bluish-gray-background-color has-background has-medium-font-size\"><strong><em>Jak\u0105 tre\u015b\u0107 zawiera strona?<\/em><\/strong><\/p>\n\n\n\n<p class=\"has-cyan-bluish-gray-background-color has-background\">Na stronie znajduj\u0105 si\u0119 najwa\u017cniejsze informacje oraz fakty na temat \u017cycia i tw\u00f3rczo\u015bci Adama Mickiewicza.<\/p>\n","protected":false},"excerpt":{"rendered":"<p>Czym jest CMS? Jest to system zarz\u0105dania tre\u015bci\u0105, kt\u00f3ry jest przeznaczony do tworzenia stron a tak\u017ce blog\u00f3w. Jak\u0105 tre\u015b\u0107 zawiera strona? Na stronie znajduj\u0105 si\u0119 najwa\u017cniejsze informacje oraz fakty na temat \u017cycia i tw\u00f3rczo\u015bci Adama Mickiewicza.<\/p>\n","protected":false},"author":5,"featured_media":0,"parent":0,"menu_order":0,"comment_status":"closed","ping_status":"closed","template":"","meta":{"footnotes":""},"class_list":["post-37","page","type-page","status-publish","hentry"],"_links":{"self":[{"href":"https:\/\/cms.ulo.edu.pl\/amelia-gras\/wp-json\/wp\/v2\/pages\/37","targetHints":{"allow":["GET"]}}],"collection":[{"href":"https:\/\/cms.ulo.edu.pl\/amelia-gras\/wp-json\/wp\/v2\/pages"}],"about":[{"href":"https:\/\/cms.ulo.edu.pl\/amelia-gras\/wp-json\/wp\/v2\/types\/page"}],"author":[{"embeddable":true,"href":"https:\/\/cms.ulo.edu.pl\/amelia-gras\/wp-json\/wp\/v2\/users\/5"}],"replies":[{"embeddable":true,"href":"https:\/\/cms.ulo.edu.pl\/amelia-gras\/wp-json\/wp\/v2\/comments?post=37"}],"version-history":[{"count":1,"href":"https:\/\/cms.ulo.edu.pl\/amelia-gras\/wp-json\/wp\/v2\/pages\/37\/revisions"}],"predecessor-version":[{"id":38,"href":"https:\/\/cms.ulo.edu.pl\/amelia-gras\/wp-json\/wp\/v2\/pages\/37\/revisions\/38"}],"wp:attachment":[{"href":"https:\/\/cms.ulo.edu.pl\/amelia-gras\/wp-json\/wp\/v2\/media?parent=37"}],"curies":[{"name":"wp","href":"https:\/\/api.w.org\/{rel}","templated":true}]}}